{"id":58,"date":"2019-08-22T20:44:25","date_gmt":"2019-08-22T20:44:25","guid":{"rendered":"http:\/\/2019.mayerehinger.de\/?page_id=58"},"modified":"2019-08-22T22:43:51","modified_gmt":"2019-08-22T22:43:51","slug":"vita","status":"publish","type":"page","link":"https:\/\/mayerehinger.de\/?page_id=58","title":{"rendered":"vita"},"content":{"rendered":"\r\n<div id=\"wp-block-themeisle-blocks-advanced-columns-86bfa791\" class=\"wp-block-themeisle-blocks-advanced-columns has-undefined-columns has-desktop-undefined-layout has-tablet-equal-layout has-mobile-equal-layout has-default-gap has-vertical-unset\" style=\"border-radius: 0px; justify-content: unset; border: 0px solid #000000;\">\r\n<div class=\"wp-themeisle-block-overlay\" style=\"opacity: 0.5; mix-blend-mode: normal;\">\u00a0<\/div>\r\n<div class=\"innerblocks-wrap\">\r\n<table border=\"1\" width=\"86%\" cellspacing=\"0\" cellpadding=\"0\">\r\n<tbody>\r\n<tr>\r\n<td colspan=\"2\" width=\"100%\" height=\"46\"><span style=\"color: #000000; font-family: Century Gothic;\">Helmut Anton Gottfried Mayer gen. Neuffen-Ehinger FamOT<\/span><\/td>\r\n<\/tr>\r\n<tr>\r\n<td valign=\"top\" width=\"17%\" height=\"19\">\r\n<p><span style=\"color: #000000; font-family: Century Gothic;\">1938 <\/span><\/p>\r\n<\/td>\r\n<td width=\"83%\" height=\"19\">\r\n<p><span style=\"color: #000000; font-family: Century Gothic;\">geboren in Stuttgart, Kriegskindheit in Untert\u00fcrkheim<\/span><\/p>\r\n<\/td>\r\n<\/tr>\r\n<tr>\r\n<td valign=\"top\" width=\"17%\" height=\"19\">\r\n<p><span style=\"color: #000000; font-family: Century Gothic;\">1954 <\/span><\/p>\r\n<\/td>\r\n<td width=\"83%\" height=\"19\">\r\n<p><span style=\"color: #000000; font-family: Century Gothic;\">Erste \u00d6lmalerei<\/span><\/p>\r\n<\/td>\r\n<\/tr>\r\n<tr>\r\n<td valign=\"top\" width=\"17%\" height=\"19\">\r\n<p><span style=\"color: #000000; font-family: Century Gothic;\">1957<\/span><\/p>\r\n<\/td>\r\n<td width=\"83%\" height=\"19\">\r\n<p><span style=\"color: #000000; font-family: Century Gothic;\">Impuls und Umsetzung zur Errichtung der ersten Gedenkst\u00e4tte <br \/>in Deutschland f\u00fcr Claus von Stauffenberg am Neubau des <br \/>Eberhard-Ludwigs-Gymnasiums in Stuttgart<\/span><\/p>\r\n<\/td>\r\n<\/tr>\r\n<tr>\r\n<td valign=\"top\" width=\"17%\" height=\"19\">\r\n<p><span style=\"color: #000000; font-family: Century Gothic;\">1958 <\/span><\/p>\r\n<\/td>\r\n<td width=\"83%\" height=\"19\">\r\n<p><span style=\"color: #000000; font-family: Century Gothic;\">Abitur am Eberhard-Ludwigs-Gymnasium Stuttgart<\/span><\/p>\r\n<\/td>\r\n<\/tr>\r\n<tr>\r\n<td valign=\"top\" width=\"17%\" height=\"19\">\r\n<p><span style=\"color: #000000; font-family: Century Gothic;\">1959-1966<\/span><\/p>\r\n<\/td>\r\n<td width=\"83%\" height=\"19\">\r\n<p><span style=\"color: #000000; font-family: Century Gothic;\">Studium: Philosophie, Germanistik, Katholische Theologie mit den<br \/>Schwerpunkten Fr\u00fchchristliche Literatur, Christliche Arch\u00e4ologie <br \/>und Kunstgeschichte in Freiburg und Bonn <\/span><\/p>\r\n<\/td>\r\n<\/tr>\r\n<tr>\r\n<td valign=\"top\" width=\"17%\" height=\"19\">\r\n<p><span style=\"color: #000000; font-family: Century Gothic;\">1966 <\/span><\/p>\r\n<\/td>\r\n<td width=\"83%\" height=\"19\">\r\n<p><span style=\"color: #000000; font-family: Century Gothic;\">Eintritt in die Di\u00f6zese Rottenburg-Stuttgart, 1967 Diakonat<\/span><\/p>\r\n<\/td>\r\n<\/tr>\r\n<tr>\r\n<td valign=\"top\" width=\"17%\" height=\"19\">\r\n<p><span style=\"color: #000000; font-family: Century Gothic;\">1968 <\/span><\/p>\r\n<\/td>\r\n<td width=\"83%\" height=\"19\">\r\n<p><span style=\"color: #000000; font-family: Century Gothic;\">Priesterweihe, Vikar in Ulm<\/span><\/p>\r\n<\/td>\r\n<\/tr>\r\n<tr>\r\n<td valign=\"top\" width=\"17%\" height=\"19\">\r\n<p><span style=\"color: #000000; font-family: Century Gothic;\">1971-1983 <\/span><\/p>\r\n<\/td>\r\n<td width=\"83%\" height=\"19\">\r\n<p><span style=\"color: #000000; font-family: Century Gothic;\">Pfarrer in Hochberg-Hochdorf-Poppenweiler, <br \/>Aufbau einer neuen Pfarrei, <br \/>Mitgestaltung der Kirchbauten St. Nikolaus und <br \/>Barbara in Remseck-Hochberg (1971) <br \/>St. Franziskus in Remseck-Hochdorf\u00a0 (1976)<br \/>St. Stephan von Ungarn in Ludwigsburg-Poppenweiler (1982)<\/span><\/p>\r\n<\/td>\r\n<\/tr>\r\n<tr>\r\n<td valign=\"top\" width=\"17%\" height=\"19\">\r\n<p><span style=\"color: #000000; font-family: Century Gothic;\">1973-2003<\/span><\/p>\r\n<\/td>\r\n<td width=\"83%\" height=\"19\">\r\n<p><span style=\"color: #000000; font-family: Century Gothic;\">Mitglied der Bisch\u00f6flichen Kommission f\u00fcr Kirchenbau und Fragen religi\u00f6ser Kunst der Di\u00f6zese Rottenburg-Stuttgart, Gutachtert\u00e4tigkeit<\/span><\/p>\r\n<\/td>\r\n<\/tr>\r\n<tr>\r\n<td valign=\"top\" width=\"17%\" height=\"19\">\r\n<p><span style=\"color: #000000; font-family: Century Gothic;\">1983-1991 <\/span><\/p>\r\n<\/td>\r\n<td width=\"83%\" height=\"19\">\r\n<p><span style=\"color: #000000; font-family: Century Gothic;\">Pfarrer in Schwaigern<\/span><\/p>\r\n<\/td>\r\n<\/tr>\r\n<tr>\r\n<td valign=\"top\" width=\"17%\" height=\"19\">\r\n<p><span style=\"color: #000000; font-family: Century Gothic;\">1983 <\/span><\/p>\r\n<\/td>\r\n<td width=\"83%\" height=\"19\">\r\n<p><span style=\"color: #000000; font-family: Century Gothic;\">Familiare des Deutschen Ordens<\/span><\/p>\r\n<\/td>\r\n<\/tr>\r\n<tr>\r\n<td valign=\"top\" width=\"17%\" height=\"19\">\r\n<p><span style=\"color: #000000; font-family: Century Gothic;\">1991-2005<\/span><\/p>\r\n<\/td>\r\n<td width=\"83%\" height=\"19\">\r\n<p><span style=\"color: #000000; font-family: Century Gothic;\">Klinikenpfarrer an St. Katharina im SLK-Klinikum Am Gesundbrunnen<br \/>in Heilbronn <\/span><\/p>\r\n<\/td>\r\n<\/tr>\r\n<tr>\r\n<td valign=\"top\" width=\"17%\" height=\"19\">\r\n<p><span style=\"color: #000000; font-family: Century Gothic;\"> 2009<\/span><\/p>\r\n<\/td>\r\n<td width=\"83%\" height=\"19\">\r\n<p><span style=\"color: #000000; font-family: Century Gothic;\"> Umzug nach Altshausen, Haus- und Atelierneubau <\/span><\/p>\r\n<\/td>\r\n<\/tr>\r\n<\/tbody>\r\n<\/table>\r\n<\/div>\r\n<\/div>\r\n","protected":false},"excerpt":{"rendered":"","protected":false},"author":1,"featured_media":0,"parent":0,"menu_order":1,"comment_status":"closed","ping_status":"closed","template":"","meta":{"footnotes":""},"wppr_data":{"cwp_meta_box_check":"No"},"_links":{"self":[{"href":"https:\/\/mayerehinger.de\/index.php?rest_route=\/wp\/v2\/pages\/58"}],"collection":[{"href":"https:\/\/mayerehinger.de\/index.php?rest_route=\/wp\/v2\/pages"}],"about":[{"href":"https:\/\/mayerehinger.de\/index.php?rest_route=\/wp\/v2\/types\/page"}],"author":[{"embeddable":true,"href":"https:\/\/mayerehinger.de\/index.php?rest_route=\/wp\/v2\/users\/1"}],"replies":[{"embeddable":true,"href":"https:\/\/mayerehinger.de\/index.php?rest_route=%2Fwp%2Fv2%2Fcomments&post=58"}],"version-history":[{"count":3,"href":"https:\/\/mayerehinger.de\/index.php?rest_route=\/wp\/v2\/pages\/58\/revisions"}],"predecessor-version":[{"id":137,"href":"https:\/\/mayerehinger.de\/index.php?rest_route=\/wp\/v2\/pages\/58\/revisions\/137"}],"wp:attachment":[{"href":"https:\/\/mayerehinger.de\/index.php?rest_route=%2Fwp%2Fv2%2Fmedia&parent=58"}],"curies":[{"name":"wp","href":"https:\/\/api.w.org\/{rel}","templated":true}]}}